{"id":20811,"date":"2021-06-09T13:01:48","date_gmt":"2021-06-09T11:01:48","guid":{"rendered":"https:\/\/innoavi.es\/?page_id=20811"},"modified":"2021-06-10T09:34:48","modified_gmt":"2021-06-10T07:34:48","slug":"espacio-de-e-gobernanza-y-participacion","status":"publish","type":"page","link":"https:\/\/innoavi.es\/es\/espacio-de-e-gobernanza-y-participacion\/","title":{"rendered":"Espacio de e-Gobernanza y Participaci\u00f3n"},"content":{"rendered":"","protected":false},"excerpt":{"rendered":"","protected":false},"author":12,"featured_media":0,"parent":0,"menu_order":10,"comment_status":"closed","ping_status":"closed","template":"","meta":{"_acf_changed":false,"footnotes":""},"class_list":["post-20811","page","type-page","status-publish","hentry"],"acf":[],"yoast_head":"<!-- This site is optimized with the Yoast SEO plugin v26.7 - https:\/\/yoast.com\/wordpress\/plugins\/seo\/ -->\n<title>Espacio de e-Gobernanza y Participaci\u00f3n - AVI |\u00a0Ag\u00e8ncia Valenciana de la Innovaci\u00f3<\/title>\n<meta name=\"robots\" content=\"index, follow, max-snippet:-1, max-image-preview:large, max-video-preview:-1\" \/>\n<link rel=\"canonical\" href=\"https:\/\/innoavi.es\/es\/espacio-de-e-gobernanza-y-participacion\/\" \/>\n<meta property=\"og:locale\" content=\"es_ES\" \/>\n<meta property=\"og:type\" content=\"article\" \/>\n<meta property=\"og:title\" content=\"Espacio de e-Gobernanza y Participaci\u00f3n - AVI |\u00a0Ag\u00e8ncia Valenciana de la Innovaci\u00f3\" \/>\n<meta property=\"og:url\" content=\"https:\/\/innoavi.es\/es\/espacio-de-e-gobernanza-y-participacion\/\" \/>\n<meta property=\"og:site_name\" content=\"AVI |\u00a0Ag\u00e8ncia Valenciana de la Innovaci\u00f3\" \/>\n<meta property=\"article:modified_time\" content=\"2021-06-10T07:34:48+00:00\" \/>\n<meta name=\"twitter:card\" content=\"summary_large_image\" \/>\n<meta name=\"twitter:site\" content=\"@GVAavi\" \/>\n<meta name=\"twitter:label1\" content=\"Tiempo de lectura\" \/>\n\t<meta name=\"twitter:data1\" content=\"43 minutos\" \/>\n<script type=\"application\/ld+json\" class=\"yoast-schema-graph\">{\"@context\":\"https:\/\/schema.org\",\"@graph\":[{\"@type\":\"WebPage\",\"@id\":\"https:\/\/innoavi.es\/es\/espacio-de-e-gobernanza-y-participacion\/\",\"url\":\"https:\/\/innoavi.es\/es\/espacio-de-e-gobernanza-y-participacion\/\",\"name\":\"Espacio de e-Gobernanza y Participaci\u00f3n - AVI |\u00a0Ag\u00e8ncia Valenciana de la Innovaci\u00f3\",\"isPartOf\":{\"@id\":\"https:\/\/innoavi.es\/es\/#website\"},\"datePublished\":\"2021-06-09T11:01:48+00:00\",\"dateModified\":\"2021-06-10T07:34:48+00:00\",\"breadcrumb\":{\"@id\":\"https:\/\/innoavi.es\/es\/espacio-de-e-gobernanza-y-participacion\/#breadcrumb\"},\"inLanguage\":\"es\",\"potentialAction\":[{\"@type\":\"ReadAction\",\"target\":[\"https:\/\/innoavi.es\/es\/espacio-de-e-gobernanza-y-participacion\/\"]}]},{\"@type\":\"BreadcrumbList\",\"@id\":\"https:\/\/innoavi.es\/es\/espacio-de-e-gobernanza-y-participacion\/#breadcrumb\",\"itemListElement\":[{\"@type\":\"ListItem\",\"position\":1,\"name\":\"Portada\",\"item\":\"https:\/\/innoavi.es\/es\/\"},{\"@type\":\"ListItem\",\"position\":2,\"name\":\"Espacio de e-Gobernanza y Participaci\u00f3n\"}]},{\"@type\":\"WebSite\",\"@id\":\"https:\/\/innoavi.es\/es\/#website\",\"url\":\"https:\/\/innoavi.es\/es\/\",\"name\":\"AVI |\u00a0Ag\u00e8ncia Valenciana de la Innovaci\u00f3\",\"description\":\"P\u00e0gina web oficial de l&#039;AVI\",\"potentialAction\":[{\"@type\":\"SearchAction\",\"target\":{\"@type\":\"EntryPoint\",\"urlTemplate\":\"https:\/\/innoavi.es\/es\/?s={search_term_string}\"},\"query-input\":{\"@type\":\"PropertyValueSpecification\",\"valueRequired\":true,\"valueName\":\"search_term_string\"}}],\"inLanguage\":\"es\"}]}<\/script>\n<!-- \/ Yoast SEO plugin. -->","yoast_head_json":{"title":"Espacio de e-Gobernanza y Participaci\u00f3n - AVI |\u00a0Ag\u00e8ncia Valenciana de la Innovaci\u00f3","robots":{"index":"index","follow":"follow","max-snippet":"max-snippet:-1","max-image-preview":"max-image-preview:large","max-video-preview":"max-video-preview:-1"},"canonical":"https:\/\/innoavi.es\/es\/espacio-de-e-gobernanza-y-participacion\/","og_locale":"es_ES","og_type":"article","og_title":"Espacio de e-Gobernanza y Participaci\u00f3n - AVI |\u00a0Ag\u00e8ncia Valenciana de la Innovaci\u00f3","og_url":"https:\/\/innoavi.es\/es\/espacio-de-e-gobernanza-y-participacion\/","og_site_name":"AVI |\u00a0Ag\u00e8ncia Valenciana de la Innovaci\u00f3","article_modified_time":"2021-06-10T07:34:48+00:00","twitter_card":"summary_large_image","twitter_site":"@GVAavi","twitter_misc":{"Tiempo de lectura":"43 minutos"},"schema":{"@context":"https:\/\/schema.org","@graph":[{"@type":"WebPage","@id":"https:\/\/innoavi.es\/es\/espacio-de-e-gobernanza-y-participacion\/","url":"https:\/\/innoavi.es\/es\/espacio-de-e-gobernanza-y-participacion\/","name":"Espacio de e-Gobernanza y Participaci\u00f3n - AVI |\u00a0Ag\u00e8ncia Valenciana de la Innovaci\u00f3","isPartOf":{"@id":"https:\/\/innoavi.es\/es\/#website"},"datePublished":"2021-06-09T11:01:48+00:00","dateModified":"2021-06-10T07:34:48+00:00","breadcrumb":{"@id":"https:\/\/innoavi.es\/es\/espacio-de-e-gobernanza-y-participacion\/#breadcrumb"},"inLanguage":"es","potentialAction":[{"@type":"ReadAction","target":["https:\/\/innoavi.es\/es\/espacio-de-e-gobernanza-y-participacion\/"]}]},{"@type":"BreadcrumbList","@id":"https:\/\/innoavi.es\/es\/espacio-de-e-gobernanza-y-participacion\/#breadcrumb","itemListElement":[{"@type":"ListItem","position":1,"name":"Portada","item":"https:\/\/innoavi.es\/es\/"},{"@type":"ListItem","position":2,"name":"Espacio de e-Gobernanza y Participaci\u00f3n"}]},{"@type":"WebSite","@id":"https:\/\/innoavi.es\/es\/#website","url":"https:\/\/innoavi.es\/es\/","name":"AVI |\u00a0Ag\u00e8ncia Valenciana de la Innovaci\u00f3","description":"P\u00e0gina web oficial de l&#039;AVI","potentialAction":[{"@type":"SearchAction","target":{"@type":"EntryPoint","urlTemplate":"https:\/\/innoavi.es\/es\/?s={search_term_string}"},"query-input":{"@type":"PropertyValueSpecification","valueRequired":true,"valueName":"search_term_string"}}],"inLanguage":"es"}]}},"_links":{"self":[{"href":"https:\/\/innoavi.es\/es\/wp-json\/wp\/v2\/pages\/20811","targetHints":{"allow":["GET"]}}],"collection":[{"href":"https:\/\/innoavi.es\/es\/wp-json\/wp\/v2\/pages"}],"about":[{"href":"https:\/\/innoavi.es\/es\/wp-json\/wp\/v2\/types\/page"}],"author":[{"embeddable":true,"href":"https:\/\/innoavi.es\/es\/wp-json\/wp\/v2\/users\/12"}],"replies":[{"embeddable":true,"href":"https:\/\/innoavi.es\/es\/wp-json\/wp\/v2\/comments?post=20811"}],"version-history":[{"count":5,"href":"https:\/\/innoavi.es\/es\/wp-json\/wp\/v2\/pages\/20811\/revisions"}],"predecessor-version":[{"id":20836,"href":"https:\/\/innoavi.es\/es\/wp-json\/wp\/v2\/pages\/20811\/revisions\/20836"}],"wp:attachment":[{"href":"https:\/\/innoavi.es\/es\/wp-json\/wp\/v2\/media?parent=20811"}],"curies":[{"name":"wp","href":"https:\/\/api.w.org\/{rel}","templated":true}]}}