{"id":16211,"date":"2020-07-09T16:21:16","date_gmt":"2020-07-09T14:21:16","guid":{"rendered":"http:\/\/innoavi.es\/?page_id=16211"},"modified":"2020-07-22T09:02:37","modified_gmt":"2020-07-22T07:02:37","slug":"cpi_vivienda_pyr","status":"publish","type":"page","link":"https:\/\/innoavi.es\/es\/cpi_vivienda_pyr\/","title":{"rendered":"CPI_vivienda_pyr"},"content":{"rendered":"","protected":false},"excerpt":{"rendered":"","protected":false},"author":12,"featured_media":0,"parent":0,"menu_order":10,"comment_status":"closed","ping_status":"closed","template":"","meta":{"_acf_changed":false,"footnotes":""},"class_list":["post-16211","page","type-page","status-publish","hentry"],"acf":[],"yoast_head":"<!-- This site is optimized with the Yoast SEO plugin v26.7 - https:\/\/yoast.com\/wordpress\/plugins\/seo\/ -->\n<title>CPI_vivienda_pyr - AVI |\u00a0Ag\u00e8ncia Valenciana de la Innovaci\u00f3<\/title>\n<meta name=\"robots\" content=\"index, follow, max-snippet:-1, max-image-preview:large, max-video-preview:-1\" \/>\n<link rel=\"canonical\" href=\"https:\/\/innoavi.es\/es\/cpi_vivienda_pyr\/\" \/>\n<meta property=\"og:locale\" content=\"es_ES\" \/>\n<meta property=\"og:type\" content=\"article\" \/>\n<meta property=\"og:title\" content=\"CPI_vivienda_pyr - AVI |\u00a0Ag\u00e8ncia Valenciana de la Innovaci\u00f3\" \/>\n<meta property=\"og:url\" content=\"https:\/\/innoavi.es\/es\/cpi_vivienda_pyr\/\" \/>\n<meta property=\"og:site_name\" content=\"AVI |\u00a0Ag\u00e8ncia Valenciana de la Innovaci\u00f3\" \/>\n<meta property=\"article:modified_time\" content=\"2020-07-22T07:02:37+00:00\" \/>\n<meta name=\"twitter:card\" content=\"summary_large_image\" \/>\n<meta name=\"twitter:site\" content=\"@GVAavi\" \/>\n<meta name=\"twitter:label1\" content=\"Tiempo de lectura\" \/>\n\t<meta name=\"twitter:data1\" content=\"42 minutos\" \/>\n<script type=\"application\/ld+json\" class=\"yoast-schema-graph\">{\"@context\":\"https:\/\/schema.org\",\"@graph\":[{\"@type\":\"WebPage\",\"@id\":\"https:\/\/innoavi.es\/es\/cpi_vivienda_pyr\/\",\"url\":\"https:\/\/innoavi.es\/es\/cpi_vivienda_pyr\/\",\"name\":\"CPI_vivienda_pyr - AVI |\u00a0Ag\u00e8ncia Valenciana de la Innovaci\u00f3\",\"isPartOf\":{\"@id\":\"https:\/\/innoavi.es\/es\/#website\"},\"datePublished\":\"2020-07-09T14:21:16+00:00\",\"dateModified\":\"2020-07-22T07:02:37+00:00\",\"breadcrumb\":{\"@id\":\"https:\/\/innoavi.es\/es\/cpi_vivienda_pyr\/#breadcrumb\"},\"inLanguage\":\"es\",\"potentialAction\":[{\"@type\":\"ReadAction\",\"target\":[\"https:\/\/innoavi.es\/es\/cpi_vivienda_pyr\/\"]}]},{\"@type\":\"BreadcrumbList\",\"@id\":\"https:\/\/innoavi.es\/es\/cpi_vivienda_pyr\/#breadcrumb\",\"itemListElement\":[{\"@type\":\"ListItem\",\"position\":1,\"name\":\"Portada\",\"item\":\"https:\/\/innoavi.es\/es\/\"},{\"@type\":\"ListItem\",\"position\":2,\"name\":\"CPI_vivienda_pyr\"}]},{\"@type\":\"WebSite\",\"@id\":\"https:\/\/innoavi.es\/es\/#website\",\"url\":\"https:\/\/innoavi.es\/es\/\",\"name\":\"AVI |\u00a0Ag\u00e8ncia Valenciana de la Innovaci\u00f3\",\"description\":\"P\u00e0gina web oficial de l&#039;AVI\",\"potentialAction\":[{\"@type\":\"SearchAction\",\"target\":{\"@type\":\"EntryPoint\",\"urlTemplate\":\"https:\/\/innoavi.es\/es\/?s={search_term_string}\"},\"query-input\":{\"@type\":\"PropertyValueSpecification\",\"valueRequired\":true,\"valueName\":\"search_term_string\"}}],\"inLanguage\":\"es\"}]}<\/script>\n<!-- \/ Yoast SEO plugin. -->","yoast_head_json":{"title":"CPI_vivienda_pyr - AVI |\u00a0Ag\u00e8ncia Valenciana de la Innovaci\u00f3","robots":{"index":"index","follow":"follow","max-snippet":"max-snippet:-1","max-image-preview":"max-image-preview:large","max-video-preview":"max-video-preview:-1"},"canonical":"https:\/\/innoavi.es\/es\/cpi_vivienda_pyr\/","og_locale":"es_ES","og_type":"article","og_title":"CPI_vivienda_pyr - AVI |\u00a0Ag\u00e8ncia Valenciana de la Innovaci\u00f3","og_url":"https:\/\/innoavi.es\/es\/cpi_vivienda_pyr\/","og_site_name":"AVI |\u00a0Ag\u00e8ncia Valenciana de la Innovaci\u00f3","article_modified_time":"2020-07-22T07:02:37+00:00","twitter_card":"summary_large_image","twitter_site":"@GVAavi","twitter_misc":{"Tiempo de lectura":"42 minutos"},"schema":{"@context":"https:\/\/schema.org","@graph":[{"@type":"WebPage","@id":"https:\/\/innoavi.es\/es\/cpi_vivienda_pyr\/","url":"https:\/\/innoavi.es\/es\/cpi_vivienda_pyr\/","name":"CPI_vivienda_pyr - AVI |\u00a0Ag\u00e8ncia Valenciana de la Innovaci\u00f3","isPartOf":{"@id":"https:\/\/innoavi.es\/es\/#website"},"datePublished":"2020-07-09T14:21:16+00:00","dateModified":"2020-07-22T07:02:37+00:00","breadcrumb":{"@id":"https:\/\/innoavi.es\/es\/cpi_vivienda_pyr\/#breadcrumb"},"inLanguage":"es","potentialAction":[{"@type":"ReadAction","target":["https:\/\/innoavi.es\/es\/cpi_vivienda_pyr\/"]}]},{"@type":"BreadcrumbList","@id":"https:\/\/innoavi.es\/es\/cpi_vivienda_pyr\/#breadcrumb","itemListElement":[{"@type":"ListItem","position":1,"name":"Portada","item":"https:\/\/innoavi.es\/es\/"},{"@type":"ListItem","position":2,"name":"CPI_vivienda_pyr"}]},{"@type":"WebSite","@id":"https:\/\/innoavi.es\/es\/#website","url":"https:\/\/innoavi.es\/es\/","name":"AVI |\u00a0Ag\u00e8ncia Valenciana de la Innovaci\u00f3","description":"P\u00e0gina web oficial de l&#039;AVI","potentialAction":[{"@type":"SearchAction","target":{"@type":"EntryPoint","urlTemplate":"https:\/\/innoavi.es\/es\/?s={search_term_string}"},"query-input":{"@type":"PropertyValueSpecification","valueRequired":true,"valueName":"search_term_string"}}],"inLanguage":"es"}]}},"_links":{"self":[{"href":"https:\/\/innoavi.es\/es\/wp-json\/wp\/v2\/pages\/16211","targetHints":{"allow":["GET"]}}],"collection":[{"href":"https:\/\/innoavi.es\/es\/wp-json\/wp\/v2\/pages"}],"about":[{"href":"https:\/\/innoavi.es\/es\/wp-json\/wp\/v2\/types\/page"}],"author":[{"embeddable":true,"href":"https:\/\/innoavi.es\/es\/wp-json\/wp\/v2\/users\/12"}],"replies":[{"embeddable":true,"href":"https:\/\/innoavi.es\/es\/wp-json\/wp\/v2\/comments?post=16211"}],"version-history":[{"count":5,"href":"https:\/\/innoavi.es\/es\/wp-json\/wp\/v2\/pages\/16211\/revisions"}],"predecessor-version":[{"id":16281,"href":"https:\/\/innoavi.es\/es\/wp-json\/wp\/v2\/pages\/16211\/revisions\/16281"}],"wp:attachment":[{"href":"https:\/\/innoavi.es\/es\/wp-json\/wp\/v2\/media?parent=16211"}],"curies":[{"name":"wp","href":"https:\/\/api.w.org\/{rel}","templated":true}]}}