{"id":15439,"date":"2018-01-29T16:24:58","date_gmt":"2018-01-29T15:24:58","guid":{"rendered":"http:\/\/innoavi.es\/diagnostico-inicial\/"},"modified":"2025-10-28T19:19:34","modified_gmt":"2025-10-28T18:19:34","slug":"initial-diagnosis","status":"publish","type":"page","link":"https:\/\/innoavi.es\/en\/initial-diagnosis\/","title":{"rendered":"Initial diagnosis"},"content":{"rendered":"","protected":false},"excerpt":{"rendered":"","protected":false},"author":2,"featured_media":0,"parent":0,"menu_order":7,"comment_status":"closed","ping_status":"closed","template":"","meta":{"_acf_changed":false,"footnotes":""},"class_list":["post-15439","page","type-page","status-publish","hentry"],"acf":[],"yoast_head":"<!-- This site is optimized with the Yoast SEO plugin v26.7 - https:\/\/yoast.com\/wordpress\/plugins\/seo\/ -->\n<title>Initial diagnosis - AVI |\u00a0Ag\u00e8ncia Valenciana de la Innovaci\u00f3<\/title>\n<meta name=\"robots\" content=\"index, follow, max-snippet:-1, max-image-preview:large, max-video-preview:-1\" \/>\n<link rel=\"canonical\" href=\"https:\/\/innoavi.es\/en\/initial-diagnosis\/\" \/>\n<meta property=\"og:locale\" content=\"en_US\" \/>\n<meta property=\"og:type\" content=\"article\" \/>\n<meta property=\"og:title\" content=\"Initial diagnosis - AVI |\u00a0Ag\u00e8ncia Valenciana de la Innovaci\u00f3\" \/>\n<meta property=\"og:url\" content=\"https:\/\/innoavi.es\/en\/initial-diagnosis\/\" \/>\n<meta property=\"og:site_name\" content=\"AVI |\u00a0Ag\u00e8ncia Valenciana de la Innovaci\u00f3\" \/>\n<meta property=\"article:modified_time\" content=\"2025-10-28T18:19:34+00:00\" \/>\n<meta name=\"twitter:card\" content=\"summary_large_image\" \/>\n<meta name=\"twitter:site\" content=\"@GVAavi\" \/>\n<meta name=\"twitter:label1\" content=\"Est. reading time\" \/>\n\t<meta name=\"twitter:data1\" content=\"16 minutes\" \/>\n<script type=\"application\/ld+json\" class=\"yoast-schema-graph\">{\"@context\":\"https:\/\/schema.org\",\"@graph\":[{\"@type\":\"WebPage\",\"@id\":\"https:\/\/innoavi.es\/en\/initial-diagnosis\/\",\"url\":\"https:\/\/innoavi.es\/en\/initial-diagnosis\/\",\"name\":\"Initial diagnosis - AVI |\u00a0Ag\u00e8ncia Valenciana de la Innovaci\u00f3\",\"isPartOf\":{\"@id\":\"https:\/\/innoavi.es\/es\/#website\"},\"datePublished\":\"2018-01-29T15:24:58+00:00\",\"dateModified\":\"2025-10-28T18:19:34+00:00\",\"breadcrumb\":{\"@id\":\"https:\/\/innoavi.es\/en\/initial-diagnosis\/#breadcrumb\"},\"inLanguage\":\"en-US\",\"potentialAction\":[{\"@type\":\"ReadAction\",\"target\":[\"https:\/\/innoavi.es\/en\/initial-diagnosis\/\"]}]},{\"@type\":\"BreadcrumbList\",\"@id\":\"https:\/\/innoavi.es\/en\/initial-diagnosis\/#breadcrumb\",\"itemListElement\":[{\"@type\":\"ListItem\",\"position\":1,\"name\":\"Portada\",\"item\":\"https:\/\/innoavi.es\/en\/\"},{\"@type\":\"ListItem\",\"position\":2,\"name\":\"Initial diagnosis\"}]},{\"@type\":\"WebSite\",\"@id\":\"https:\/\/innoavi.es\/es\/#website\",\"url\":\"https:\/\/innoavi.es\/es\/\",\"name\":\"AVI |\u00a0Ag\u00e8ncia Valenciana de la Innovaci\u00f3\",\"description\":\"P\u00e0gina web oficial de l&#039;AVI\",\"potentialAction\":[{\"@type\":\"SearchAction\",\"target\":{\"@type\":\"EntryPoint\",\"urlTemplate\":\"https:\/\/innoavi.es\/es\/?s={search_term_string}\"},\"query-input\":{\"@type\":\"PropertyValueSpecification\",\"valueRequired\":true,\"valueName\":\"search_term_string\"}}],\"inLanguage\":\"en-US\"}]}<\/script>\n<!-- \/ Yoast SEO plugin. -->","yoast_head_json":{"title":"Initial diagnosis - AVI |\u00a0Ag\u00e8ncia Valenciana de la Innovaci\u00f3","robots":{"index":"index","follow":"follow","max-snippet":"max-snippet:-1","max-image-preview":"max-image-preview:large","max-video-preview":"max-video-preview:-1"},"canonical":"https:\/\/innoavi.es\/en\/initial-diagnosis\/","og_locale":"en_US","og_type":"article","og_title":"Initial diagnosis - AVI |\u00a0Ag\u00e8ncia Valenciana de la Innovaci\u00f3","og_url":"https:\/\/innoavi.es\/en\/initial-diagnosis\/","og_site_name":"AVI |\u00a0Ag\u00e8ncia Valenciana de la Innovaci\u00f3","article_modified_time":"2025-10-28T18:19:34+00:00","twitter_card":"summary_large_image","twitter_site":"@GVAavi","twitter_misc":{"Est. reading time":"16 minutes"},"schema":{"@context":"https:\/\/schema.org","@graph":[{"@type":"WebPage","@id":"https:\/\/innoavi.es\/en\/initial-diagnosis\/","url":"https:\/\/innoavi.es\/en\/initial-diagnosis\/","name":"Initial diagnosis - AVI |\u00a0Ag\u00e8ncia Valenciana de la Innovaci\u00f3","isPartOf":{"@id":"https:\/\/innoavi.es\/es\/#website"},"datePublished":"2018-01-29T15:24:58+00:00","dateModified":"2025-10-28T18:19:34+00:00","breadcrumb":{"@id":"https:\/\/innoavi.es\/en\/initial-diagnosis\/#breadcrumb"},"inLanguage":"en-US","potentialAction":[{"@type":"ReadAction","target":["https:\/\/innoavi.es\/en\/initial-diagnosis\/"]}]},{"@type":"BreadcrumbList","@id":"https:\/\/innoavi.es\/en\/initial-diagnosis\/#breadcrumb","itemListElement":[{"@type":"ListItem","position":1,"name":"Portada","item":"https:\/\/innoavi.es\/en\/"},{"@type":"ListItem","position":2,"name":"Initial diagnosis"}]},{"@type":"WebSite","@id":"https:\/\/innoavi.es\/es\/#website","url":"https:\/\/innoavi.es\/es\/","name":"AVI |\u00a0Ag\u00e8ncia Valenciana de la Innovaci\u00f3","description":"P\u00e0gina web oficial de l&#039;AVI","potentialAction":[{"@type":"SearchAction","target":{"@type":"EntryPoint","urlTemplate":"https:\/\/innoavi.es\/es\/?s={search_term_string}"},"query-input":{"@type":"PropertyValueSpecification","valueRequired":true,"valueName":"search_term_string"}}],"inLanguage":"en-US"}]}},"_links":{"self":[{"href":"https:\/\/innoavi.es\/en\/wp-json\/wp\/v2\/pages\/15439","targetHints":{"allow":["GET"]}}],"collection":[{"href":"https:\/\/innoavi.es\/en\/wp-json\/wp\/v2\/pages"}],"about":[{"href":"https:\/\/innoavi.es\/en\/wp-json\/wp\/v2\/types\/page"}],"author":[{"embeddable":true,"href":"https:\/\/innoavi.es\/en\/wp-json\/wp\/v2\/users\/2"}],"replies":[{"embeddable":true,"href":"https:\/\/innoavi.es\/en\/wp-json\/wp\/v2\/comments?post=15439"}],"version-history":[{"count":3,"href":"https:\/\/innoavi.es\/en\/wp-json\/wp\/v2\/pages\/15439\/revisions"}],"predecessor-version":[{"id":41585,"href":"https:\/\/innoavi.es\/en\/wp-json\/wp\/v2\/pages\/15439\/revisions\/41585"}],"wp:attachment":[{"href":"https:\/\/innoavi.es\/en\/wp-json\/wp\/v2\/media?parent=15439"}],"curies":[{"name":"wp","href":"https:\/\/api.w.org\/{rel}","templated":true}]}}